{"id":51081,"date":"2021-12-31T15:22:00","date_gmt":"2021-12-31T18:22:00","guid":{"rendered":"https:\/\/lri.cl\/?page_id=51081"},"modified":"2025-06-17T18:27:40","modified_gmt":"2025-06-17T21:27:40","slug":"nosotros","status":"publish","type":"page","link":"https:\/\/lri.cl\/?page_id=51081","title":{"rendered":"Nosotros"},"content":{"rendered":"\t\t<div data-elementor-type=\"wp-page\" data-elementor-id=\"51081\" class=\"elementor elementor-51081\" data-elementor-post-type=\"page\">\n\t\t\t\t\t\t<section class=\"elementor-section elementor-top-section elementor-element elementor-element-258098f8 elementor-section-stretched elementor-section-content-bottom elementor-section-boxed elementor-section-height-default elementor-section-height-default\" data-id=\"258098f8\" data-element_type=\"section\" data-settings=\"{&quot;stretch_section&quot;:&quot;section-stretched&quot;,&quot;background_background&quot;:&quot;classic&quot;}\">\n\t\t\t\t\t\t\t<div class=\"elementor-background-overlay\"><\/div>\n\t\t\t\t\t\t\t<div class=\"elementor-container elementor-column-gap-default\">\n\t\t\t\t\t<div class=\"elementor-column elementor-col-100 elementor-top-column elementor-element elementor-element-326826f8\" data-id=\"326826f8\" data-element_type=\"column\">\n\t\t\t<div class=\"elementor-widget-wrap elementor-element-populated\">\n\t\t\t\t\t\t<div class=\"elementor-element elementor-element-10614b8d elementor-widget elementor-widget-heading\" data-id=\"10614b8d\" data-element_type=\"widget\" data-widget_type=\"heading.default\">\n\t\t\t\t<div class=\"elementor-widget-container\">\n\t\t\t\t\t<h2 class=\"elementor-heading-title elementor-size-default\">Sobre Nosotros<\/h2>\t\t\t\t<\/div>\n\t\t\t\t<\/div>\n\t\t\t\t\t<\/div>\n\t\t<\/div>\n\t\t\t\t\t<\/div>\n\t\t<\/section>\n\t\t\t\t<section class=\"elementor-section elementor-top-section elementor-element elementor-element-49a5fec5 elementor-section-boxed elementor-section-height-default elementor-section-height-default elementor-invisible\" data-id=\"49a5fec5\" data-element_type=\"section\" data-settings=\"{&quot;animation&quot;:&quot;zoomIn&quot;}\">\n\t\t\t\t\t\t<div class=\"elementor-container elementor-column-gap-default\">\n\t\t\t\t\t<div class=\"elementor-column elementor-col-50 elementor-top-column elementor-element elementor-element-464ae95c\" data-id=\"464ae95c\" data-element_type=\"column\">\n\t\t\t<div class=\"elementor-widget-wrap elementor-element-populated\">\n\t\t\t\t\t\t<div class=\"elementor-element elementor-element-d590af1 elementor-widget elementor-widget-text-editor\" data-id=\"d590af1\" data-element_type=\"widget\" data-widget_type=\"text-editor.default\">\n\t\t\t\t<div class=\"elementor-widget-container\">\n\t\t\t\t\t\t\t\t\t<div><b>Logistic Rent Industrial<\/b>\u00a0se especializa en soluciones log\u00edsticas integrales para zonas remotas y australes de Chile. Superamos los desaf\u00edos del abastecimiento en sectores estrat\u00e9gicos como la hoteler\u00eda y las l\u00edneas navieras, asegurando eficiencia, continuidad y confiabilidad en cada entrega.<\/div><div>\u00a0<\/div><div><b>Misi\u00f3n<\/b><\/div><div>Adaptarnos a las necesidades de cada cliente, ofreciendo servicios log\u00edsticos de excelencia \u2014incluyendo almacenamiento en fr\u00edo y seco\u2014 que aseguren la continuidad operativa en entornos desafiantes. Buscamos ser socios estrat\u00e9gicos que impulsan el crecimiento de nuestros clientes.<\/div><div>\u00a0<\/div><div><b>Visi\u00f3n<\/b><\/div><div>Ser referentes en log\u00edstica integral en Chile, destacando por nuestra capacidad de operar eficazmente en cualquier geograf\u00eda, especialmente en zonas extremas. Innovamos constantemente para anticiparnos a las necesidades de abastecimiento, marcando la diferencia en cada etapa de la cadena de suministro.<\/div>\t\t\t\t\t\t\t\t<\/div>\n\t\t\t\t<\/div>\n\t\t\t\t\t<\/div>\n\t\t<\/div>\n\t\t\t\t<div class=\"elementor-column elementor-col-50 elementor-top-column elementor-element elementor-element-52005af9\" data-id=\"52005af9\" data-element_type=\"column\">\n\t\t\t<div class=\"elementor-widget-wrap elementor-element-populated\">\n\t\t\t\t\t\t<div class=\"elementor-element elementor-element-59940a3 elementor-widget elementor-widget-image\" data-id=\"59940a3\" data-element_type=\"widget\" data-widget_type=\"image.default\">\n\t\t\t\t<div class=\"elementor-widget-container\">\n\t\t\t\t\t\t\t\t\t\t\t\t\t\t\t<img fetchpriority=\"high\" decoding=\"async\" width=\"654\" height=\"382\" src=\"https:\/\/lri.cl\/wp-content\/uploads\/2021\/12\/logo-logisticrent1.png\" class=\"attachment-large size-large wp-image-53048\" alt=\"\" srcset=\"https:\/\/lri.cl\/wp-content\/uploads\/2021\/12\/logo-logisticrent1.png 654w, https:\/\/lri.cl\/wp-content\/uploads\/2021\/12\/logo-logisticrent1-300x175.png 300w\" sizes=\"(max-width: 654px) 100vw, 654px\" \/>\t\t\t\t\t\t\t\t\t\t\t\t\t\t\t<\/div>\n\t\t\t\t<\/div>\n\t\t\t\t\t<\/div>\n\t\t<\/div>\n\t\t\t\t\t<\/div>\n\t\t<\/section>\n\t\t\t\t<\/div>\n\t\t","protected":false},"excerpt":{"rendered":"<p>Sobre Nosotros Logistic Rent Industrial\u00a0se especializa en soluciones log\u00edsticas integrales para zonas remotas y australes de Chile. Superamos los desaf\u00edos&#8230;<\/p>\n","protected":false},"author":1,"featured_media":0,"parent":0,"menu_order":0,"comment_status":"closed","ping_status":"closed","template":"","meta":{"footnotes":""},"class_list":["post-51081","page","type-page","status-publish","hentry"],"yoast_head":"<!-- This site is optimized with the Yoast SEO plugin v22.8 - https:\/\/yoast.com\/wordpress\/plugins\/seo\/ -->\n<title>Nosotros - Logistic Rent<\/title>\n<meta name=\"robots\" content=\"index, follow, max-snippet:-1, max-image-preview:large, max-video-preview:-1\" \/>\n<link rel=\"canonical\" href=\"https:\/\/lri.cl\/?page_id=51081\" \/>\n<meta property=\"og:locale\" content=\"es_ES\" \/>\n<meta property=\"og:type\" content=\"article\" \/>\n<meta property=\"og:title\" content=\"Nosotros - Logistic Rent\" \/>\n<meta property=\"og:description\" content=\"Sobre Nosotros Logistic Rent Industrial\u00a0se especializa en soluciones log\u00edsticas integrales para zonas remotas y australes de Chile. Superamos los desaf\u00edos...\" \/>\n<meta property=\"og:url\" content=\"https:\/\/lri.cl\/?page_id=51081\" \/>\n<meta property=\"og:site_name\" content=\"Logistic Rent\" \/>\n<meta property=\"article:modified_time\" content=\"2025-06-17T21:27:40+00:00\" \/>\n<meta property=\"og:image\" content=\"https:\/\/lri.cl\/wp-content\/uploads\/2021\/12\/logo-logisticrent1.png\" \/>\n<meta name=\"twitter:card\" content=\"summary_large_image\" \/>\n<meta name=\"twitter:label1\" content=\"Tiempo estimado de lectura\" \/>\n\t<meta name=\"twitter:data1\" content=\"1 minuto\" \/>\n<script type=\"application\/ld+json\" class=\"yoast-schema-graph\">{\"@context\":\"https:\/\/schema.org\",\"@graph\":[{\"@type\":\"WebPage\",\"@id\":\"https:\/\/lri.cl\/?page_id=51081\",\"url\":\"https:\/\/lri.cl\/?page_id=51081\",\"name\":\"Nosotros - Logistic Rent\",\"isPartOf\":{\"@id\":\"https:\/\/lri.cl\/#website\"},\"primaryImageOfPage\":{\"@id\":\"https:\/\/lri.cl\/?page_id=51081#primaryimage\"},\"image\":{\"@id\":\"https:\/\/lri.cl\/?page_id=51081#primaryimage\"},\"thumbnailUrl\":\"https:\/\/lri.cl\/wp-content\/uploads\/2021\/12\/logo-logisticrent1.png\",\"datePublished\":\"2021-12-31T18:22:00+00:00\",\"dateModified\":\"2025-06-17T21:27:40+00:00\",\"breadcrumb\":{\"@id\":\"https:\/\/lri.cl\/?page_id=51081#breadcrumb\"},\"inLanguage\":\"es-CL\",\"potentialAction\":[{\"@type\":\"ReadAction\",\"target\":[\"https:\/\/lri.cl\/?page_id=51081\"]}]},{\"@type\":\"ImageObject\",\"inLanguage\":\"es-CL\",\"@id\":\"https:\/\/lri.cl\/?page_id=51081#primaryimage\",\"url\":\"https:\/\/lri.cl\/wp-content\/uploads\/2021\/12\/logo-logisticrent1.png\",\"contentUrl\":\"https:\/\/lri.cl\/wp-content\/uploads\/2021\/12\/logo-logisticrent1.png\",\"width\":654,\"height\":382},{\"@type\":\"BreadcrumbList\",\"@id\":\"https:\/\/lri.cl\/?page_id=51081#breadcrumb\",\"itemListElement\":[{\"@type\":\"ListItem\",\"position\":1,\"name\":\"Portada\",\"item\":\"https:\/\/lri.cl\/\"},{\"@type\":\"ListItem\",\"position\":2,\"name\":\"Nosotros\"}]},{\"@type\":\"WebSite\",\"@id\":\"https:\/\/lri.cl\/#website\",\"url\":\"https:\/\/lri.cl\/\",\"name\":\"Logistic Rent\",\"description\":\"Soluciones inteligentes para necesidades integrales\",\"publisher\":{\"@id\":\"https:\/\/lri.cl\/#organization\"},\"potentialAction\":[{\"@type\":\"SearchAction\",\"target\":{\"@type\":\"EntryPoint\",\"urlTemplate\":\"https:\/\/lri.cl\/?s={search_term_string}\"},\"query-input\":\"required name=search_term_string\"}],\"inLanguage\":\"es-CL\"},{\"@type\":\"Organization\",\"@id\":\"https:\/\/lri.cl\/#organization\",\"name\":\"Logistic Rent\",\"url\":\"https:\/\/lri.cl\/\",\"logo\":{\"@type\":\"ImageObject\",\"inLanguage\":\"es-CL\",\"@id\":\"https:\/\/lri.cl\/#\/schema\/logo\/image\/\",\"url\":\"https:\/\/lri.cl\/wp-content\/uploads\/2024\/04\/cropped-cropped-TARJETAS-DE-PRESENTACION-5.png\",\"contentUrl\":\"https:\/\/lri.cl\/wp-content\/uploads\/2024\/04\/cropped-cropped-TARJETAS-DE-PRESENTACION-5.png\",\"width\":512,\"height\":334,\"caption\":\"Logistic Rent\"},\"image\":{\"@id\":\"https:\/\/lri.cl\/#\/schema\/logo\/image\/\"}}]}<\/script>\n<!-- \/ Yoast SEO plugin. -->","yoast_head_json":{"title":"Nosotros - Logistic Rent","robots":{"index":"index","follow":"follow","max-snippet":"max-snippet:-1","max-image-preview":"max-image-preview:large","max-video-preview":"max-video-preview:-1"},"canonical":"https:\/\/lri.cl\/?page_id=51081","og_locale":"es_ES","og_type":"article","og_title":"Nosotros - Logistic Rent","og_description":"Sobre Nosotros Logistic Rent Industrial\u00a0se especializa en soluciones log\u00edsticas integrales para zonas remotas y australes de Chile. Superamos los desaf\u00edos...","og_url":"https:\/\/lri.cl\/?page_id=51081","og_site_name":"Logistic Rent","article_modified_time":"2025-06-17T21:27:40+00:00","og_image":[{"url":"https:\/\/lri.cl\/wp-content\/uploads\/2021\/12\/logo-logisticrent1.png"}],"twitter_card":"summary_large_image","twitter_misc":{"Tiempo estimado de lectura":"1 minuto"},"schema":{"@context":"https:\/\/schema.org","@graph":[{"@type":"WebPage","@id":"https:\/\/lri.cl\/?page_id=51081","url":"https:\/\/lri.cl\/?page_id=51081","name":"Nosotros - Logistic Rent","isPartOf":{"@id":"https:\/\/lri.cl\/#website"},"primaryImageOfPage":{"@id":"https:\/\/lri.cl\/?page_id=51081#primaryimage"},"image":{"@id":"https:\/\/lri.cl\/?page_id=51081#primaryimage"},"thumbnailUrl":"https:\/\/lri.cl\/wp-content\/uploads\/2021\/12\/logo-logisticrent1.png","datePublished":"2021-12-31T18:22:00+00:00","dateModified":"2025-06-17T21:27:40+00:00","breadcrumb":{"@id":"https:\/\/lri.cl\/?page_id=51081#breadcrumb"},"inLanguage":"es-CL","potentialAction":[{"@type":"ReadAction","target":["https:\/\/lri.cl\/?page_id=51081"]}]},{"@type":"ImageObject","inLanguage":"es-CL","@id":"https:\/\/lri.cl\/?page_id=51081#primaryimage","url":"https:\/\/lri.cl\/wp-content\/uploads\/2021\/12\/logo-logisticrent1.png","contentUrl":"https:\/\/lri.cl\/wp-content\/uploads\/2021\/12\/logo-logisticrent1.png","width":654,"height":382},{"@type":"BreadcrumbList","@id":"https:\/\/lri.cl\/?page_id=51081#breadcrumb","itemListElement":[{"@type":"ListItem","position":1,"name":"Portada","item":"https:\/\/lri.cl\/"},{"@type":"ListItem","position":2,"name":"Nosotros"}]},{"@type":"WebSite","@id":"https:\/\/lri.cl\/#website","url":"https:\/\/lri.cl\/","name":"Logistic Rent","description":"Soluciones inteligentes para necesidades integrales","publisher":{"@id":"https:\/\/lri.cl\/#organization"},"potentialAction":[{"@type":"SearchAction","target":{"@type":"EntryPoint","urlTemplate":"https:\/\/lri.cl\/?s={search_term_string}"},"query-input":"required name=search_term_string"}],"inLanguage":"es-CL"},{"@type":"Organization","@id":"https:\/\/lri.cl\/#organization","name":"Logistic Rent","url":"https:\/\/lri.cl\/","logo":{"@type":"ImageObject","inLanguage":"es-CL","@id":"https:\/\/lri.cl\/#\/schema\/logo\/image\/","url":"https:\/\/lri.cl\/wp-content\/uploads\/2024\/04\/cropped-cropped-TARJETAS-DE-PRESENTACION-5.png","contentUrl":"https:\/\/lri.cl\/wp-content\/uploads\/2024\/04\/cropped-cropped-TARJETAS-DE-PRESENTACION-5.png","width":512,"height":334,"caption":"Logistic Rent"},"image":{"@id":"https:\/\/lri.cl\/#\/schema\/logo\/image\/"}}]}},"_links":{"self":[{"href":"https:\/\/lri.cl\/index.php?rest_route=\/wp\/v2\/pages\/51081","targetHints":{"allow":["GET"]}}],"collection":[{"href":"https:\/\/lri.cl\/index.php?rest_route=\/wp\/v2\/pages"}],"about":[{"href":"https:\/\/lri.cl\/index.php?rest_route=\/wp\/v2\/types\/page"}],"author":[{"embeddable":true,"href":"https:\/\/lri.cl\/index.php?rest_route=\/wp\/v2\/users\/1"}],"replies":[{"embeddable":true,"href":"https:\/\/lri.cl\/index.php?rest_route=%2Fwp%2Fv2%2Fcomments&post=51081"}],"version-history":[{"count":22,"href":"https:\/\/lri.cl\/index.php?rest_route=\/wp\/v2\/pages\/51081\/revisions"}],"predecessor-version":[{"id":53439,"href":"https:\/\/lri.cl\/index.php?rest_route=\/wp\/v2\/pages\/51081\/revisions\/53439"}],"wp:attachment":[{"href":"https:\/\/lri.cl\/index.php?rest_route=%2Fwp%2Fv2%2Fmedia&parent=51081"}],"curies":[{"name":"wp","href":"https:\/\/api.w.org\/{rel}","templated":true}]}}